{"id":995,"date":"2020-07-07T14:22:18","date_gmt":"2020-07-07T14:22:18","guid":{"rendered":"https:\/\/firstsight.design\/cherie\/beauty\/?post_type=product&#038;p=995"},"modified":"2025-07-15T10:06:46","modified_gmt":"2025-07-15T10:06:46","slug":"post-shave-lotion-2","status":"publish","type":"product","link":"https:\/\/exhaustifbeauty.com\/en\/product\/post-shave-lotion-2\/","title":{"rendered":"Eau nordique"},"content":{"rendered":"<p>Un puissant m\u00e9lange antioxydant formul\u00e9 avec des doses g\u00e9n\u00e9reuses de vitamines C et E pour nourrir et prot\u00e9ger en douceur la peau d\u00e9licate du contour des yeux.<\/p>","protected":false},"excerpt":{"rendered":"<p>Un puissant m\u00e9lange antioxydant formul\u00e9 avec des doses g\u00e9n\u00e9reuses de vitamines C et E pour nourrir et prot\u00e9ger en douceur la peau d\u00e9licate du contour des yeux.<\/p>","protected":false},"featured_media":4477,"comment_status":"open","ping_status":"closed","template":"","meta":{"_acf_changed":false,"inline_featured_image":false,"_monsterinsights_skip_tracking":false,"_monsterinsights_sitenote_active":false,"_monsterinsights_sitenote_note":"","_monsterinsights_sitenote_category":0},"product_brand":[],"product_cat":[154],"product_tag":[],"class_list":{"0":"post-995","1":"product","2":"type-product","3":"status-publish","4":"has-post-thumbnail","6":"product_cat-parfum","8":"first","9":"instock","10":"shipping-taxable","11":"purchasable","12":"product-type-simple"},"acf":[],"aioseo_notices":[],"_links":{"self":[{"href":"https:\/\/exhaustifbeauty.com\/en\/wp-json\/wp\/v2\/product\/995","targetHints":{"allow":["GET"]}}],"collection":[{"href":"https:\/\/exhaustifbeauty.com\/en\/wp-json\/wp\/v2\/product"}],"about":[{"href":"https:\/\/exhaustifbeauty.com\/en\/wp-json\/wp\/v2\/types\/product"}],"replies":[{"embeddable":true,"href":"https:\/\/exhaustifbeauty.com\/en\/wp-json\/wp\/v2\/comments?post=995"}],"wp:featuredmedia":[{"embeddable":true,"href":"https:\/\/exhaustifbeauty.com\/en\/wp-json\/wp\/v2\/media\/4477"}],"wp:attachment":[{"href":"https:\/\/exhaustifbeauty.com\/en\/wp-json\/wp\/v2\/media?parent=995"}],"wp:term":[{"taxonomy":"product_brand","embeddable":true,"href":"https:\/\/exhaustifbeauty.com\/en\/wp-json\/wp\/v2\/product_brand?post=995"},{"taxonomy":"product_cat","embeddable":true,"href":"https:\/\/exhaustifbeauty.com\/en\/wp-json\/wp\/v2\/product_cat?post=995"},{"taxonomy":"product_tag","embeddable":true,"href":"https:\/\/exhaustifbeauty.com\/en\/wp-json\/wp\/v2\/product_tag?post=995"}],"curies":[{"name":"wp","href":"https:\/\/api.w.org\/{rel}","templated":true}]}}