{"id":108,"date":"2020-05-22T10:12:36","date_gmt":"2020-05-22T10:12:36","guid":{"rendered":"https:\/\/firstsight.design\/cherie\/beauty\/?post_type=product&#038;p=108"},"modified":"2025-07-15T10:06:33","modified_gmt":"2025-07-15T10:06:33","slug":"facial-balancing-gel","status":"publish","type":"product","link":"https:\/\/exhaustifbeauty.com\/en\/product\/facial-balancing-gel\/","title":{"rendered":"Gel \u00c9quilibrant Visage"},"content":{"rendered":"<p>Gel Un puissant m\u00e9lange antioxydant formul\u00e9 avec des doses g\u00e9n\u00e9reuses de vitamines C et E pour nourrir et prot\u00e9ger en douceur la peau d\u00e9licate du contour des yeux.<\/p>","protected":false},"excerpt":{"rendered":"<p>A potent anti-oxidant blend formulated with generous doses of Vitamins C and E to gently nourish and protect the delicate skin surrounding the eyes.<\/p>","protected":false},"featured_media":4473,"comment_status":"open","ping_status":"closed","template":"","meta":{"_acf_changed":false,"inline_featured_image":false,"_monsterinsights_skip_tracking":false,"_monsterinsights_sitenote_active":false,"_monsterinsights_sitenote_note":"","_monsterinsights_sitenote_category":0},"product_brand":[],"product_cat":[141,144],"product_tag":[],"class_list":{"0":"post-108","1":"product","2":"type-product","3":"status-publish","4":"has-post-thumbnail","6":"product_cat-hair","7":"product_cat-skincare","9":"first","10":"instock","11":"shipping-taxable","12":"purchasable","13":"product-type-simple"},"acf":[],"aioseo_notices":[],"_links":{"self":[{"href":"https:\/\/exhaustifbeauty.com\/en\/wp-json\/wp\/v2\/product\/108","targetHints":{"allow":["GET"]}}],"collection":[{"href":"https:\/\/exhaustifbeauty.com\/en\/wp-json\/wp\/v2\/product"}],"about":[{"href":"https:\/\/exhaustifbeauty.com\/en\/wp-json\/wp\/v2\/types\/product"}],"replies":[{"embeddable":true,"href":"https:\/\/exhaustifbeauty.com\/en\/wp-json\/wp\/v2\/comments?post=108"}],"wp:featuredmedia":[{"embeddable":true,"href":"https:\/\/exhaustifbeauty.com\/en\/wp-json\/wp\/v2\/media\/4473"}],"wp:attachment":[{"href":"https:\/\/exhaustifbeauty.com\/en\/wp-json\/wp\/v2\/media?parent=108"}],"wp:term":[{"taxonomy":"product_brand","embeddable":true,"href":"https:\/\/exhaustifbeauty.com\/en\/wp-json\/wp\/v2\/product_brand?post=108"},{"taxonomy":"product_cat","embeddable":true,"href":"https:\/\/exhaustifbeauty.com\/en\/wp-json\/wp\/v2\/product_cat?post=108"},{"taxonomy":"product_tag","embeddable":true,"href":"https:\/\/exhaustifbeauty.com\/en\/wp-json\/wp\/v2\/product_tag?post=108"}],"curies":[{"name":"wp","href":"https:\/\/api.w.org\/{rel}","templated":true}]}}