{"id":1195,"date":"2020-08-05T08:00:07","date_gmt":"2020-08-05T08:00:07","guid":{"rendered":"https:\/\/firstsight.design\/cherie\/beauty\/?page_id=1195"},"modified":"2025-11-29T07:32:35","modified_gmt":"2025-11-29T07:32:35","slug":"contactez-nous","status":"publish","type":"page","link":"https:\/\/exhaustifbeauty.com\/en\/contactez-nous\/","title":{"rendered":"Contact us"},"content":{"rendered":"<div data-elementor-type=\"wp-page\" data-elementor-id=\"1195\" class=\"elementor elementor-1195\" data-elementor-post-type=\"page\">\n\t\t\t\t<div class=\"elementor-element elementor-element-dd57b53 e-con-full e-flex e-con e-parent\" data-id=\"dd57b53\" data-element_type=\"container\">\n\t\t<div class=\"elementor-element elementor-element-f9460b2 e-con-full e-flex e-con e-child\" data-id=\"f9460b2\" data-element_type=\"container\">\n\t\t\t\t<div class=\"elementor-element elementor-element-8281cd4 elementor-widget elementor-widget-art-ordinary-page-header\" data-id=\"8281cd4\" data-element_type=\"widget\" data-widget_type=\"art-ordinary-page-header.default\">\n\t\t\t\t<div class=\"elementor-widget-container\">\n\t\t\t\t\t\r\n\t\t<div class=\"art-ordinary-page-header\" style=\"background-image:url(https:\/\/exhaustifbeauty.com\/wp-content\/uploads\/2025\/07\/hero-bg4.webp)\">\r\n\r\n\t\t\t<div class=\"container\">\r\n\r\n\t\t\t\t<div class=\"art-ordinary-page-data\" style=\"text-align:center\">\r\n\r\n\t\t\t\t\t<h1 class=\"art-page-header-title\">Cil Exhaustif by EB<\/h1>\r\n\r\n                                            <div class=\"art-page-header-description\">\r\n                            <p>Nous serions ravis de vous lire et encore plus de vous accueillir en personne ! Retrouvez ci-dessous toutes nos coordonn\u00e9es. Au plaisir de r\u00e9aliser vos r\u00eaves de cils. \u00c0 tr\u00e8s bient\u00f4t\u00a0<\/p>                        <\/div>\r\n                    \r\n\t\t\t\t<\/div>\r\n\r\n\t\t\t<\/div>\r\n\r\n\t\t<\/div>\r\n\r\n\t\t\t\t\t\t<\/div>\n\t\t\t\t<\/div>\n\t\t\t\t<\/div>\n\t\t\t\t<\/div>\n\t\t<div class=\"elementor-element elementor-element-1b15319 e-flex e-con-boxed e-con e-parent\" data-id=\"1b15319\" data-element_type=\"container\" data-settings=\"{&quot;background_background&quot;:&quot;classic&quot;}\">\n\t\t\t\t\t<div class=\"e-con-inner\">\n\t\t<div class=\"elementor-element elementor-element-b7f570c e-con-full e-flex e-con e-child\" data-id=\"b7f570c\" data-element_type=\"container\">\n\t\t\t\t<div class=\"elementor-element elementor-element-72bb00a elementor-widget elementor-widget-art-contact-info\" data-id=\"72bb00a\" data-element_type=\"widget\" data-widget_type=\"art-contact-info.default\">\n\t\t\t\t<div class=\"elementor-widget-container\">\n\t\t\t\t\t\r\n            <div class=\"art-contact-info-widget\">\r\n                                    <div class=\"col-md-4 art-item\">\r\n                        <div class=\"art-icon\"><svg xmlns=\"http:\/\/www.w3.org\/2000\/svg\" width=\"48\" height=\"48\" viewbox=\"0 0 48 48\" fill=\"none\"><rect x=\"11.5\" y=\"2.5\" width=\"24\" height=\"43\" rx=\"1.5\" fill=\"#F6EBE7\" stroke=\"black\"><\/rect><rect x=\"20\" y=\"7\" width=\"7\" height=\"1\" fill=\"black\"><\/rect><circle cx=\"23.5\" cy=\"39.5\" r=\"1.5\" fill=\"black\"><\/circle><\/svg><\/div>\r\n                        <h6 class=\"art-title\">Contact<\/h6>\r\n                        <div class=\"art-description art-body-two-font\"><p>T: \u202d+1 (514) 884-6957<br \/>info@exhaustifbeauty.ca<\/p><\/div>\r\n                    <\/div>\r\n                                    <div class=\"col-md-4 art-item\">\r\n                        <div class=\"art-icon\"><svg xmlns=\"http:\/\/www.w3.org\/2000\/svg\" width=\"48\" height=\"48\" viewbox=\"0 0 48 48\" fill=\"none\"><circle cx=\"24.5\" cy=\"24.5\" r=\"19\" fill=\"#F6EBE7\" stroke=\"black\"><\/circle><path d=\"M24 12.5V25.5L30 31.5\" stroke=\"black\"><\/path><\/svg><\/div>\r\n                        <h6 class=\"art-title\">Heures<\/h6>\r\n                        <div class=\"art-description art-body-two-font\"><p>Mardi: 09h30 - 19h30<br \/>Mercredi: 09h30 - 19h30<br \/>Samedi: 09h00-19h00<\/p><\/div>\r\n                    <\/div>\r\n                                    <div class=\"col-md-4 art-item\">\r\n                        <div class=\"art-icon\"><svg xmlns=\"http:\/\/www.w3.org\/2000\/svg\" width=\"48\" height=\"48\" viewbox=\"0 0 48 48\" fill=\"none\"><path d=\"M39.5 18.5C39.5 22.9086 37.6893 26.8697 34.714 31.1637C32.7635 33.9788 30.3434 36.8965 27.6388 40.1573C26.3183 41.7493 24.93 43.4232 23.4953 45.2068C22.2962 43.7506 21.1349 42.3668 20.022 41.0407C16.9832 37.4197 14.3051 34.2285 12.2027 31.1656C9.2574 26.8745 7.5 22.9121 7.5 18.5C7.5 9.66344 14.6634 2.5 23.5 2.5C32.3366 2.5 39.5 9.66344 39.5 18.5Z\" fill=\"#F6EBE7\" stroke=\"black\"><\/path><circle cx=\"23.5\" cy=\"17.5\" r=\"6\" fill=\"white\" stroke=\"black\"><\/circle><\/svg><\/div>\r\n                        <h6 class=\"art-title\">Lieux<\/h6>\r\n                        <div class=\"art-description art-body-two-font\"><p>4437 rue Wellington (au sous-sol de l\u2019\u00e9picerie Loco),<br \/>Montr\u00e9al, H4G1W6<\/p><\/div>\r\n                    <\/div>\r\n                            <\/div>\r\n\r\n        \t\t\t\t<\/div>\n\t\t\t\t<\/div>\n\t\t\t\t<\/div>\n\t\t<div class=\"elementor-element elementor-element-d262217 e-con-full e-flex e-con e-child\" data-id=\"d262217\" data-element_type=\"container\">\n\t\t<div class=\"elementor-element elementor-element-d7fd35b e-con-full e-flex e-con e-child\" data-id=\"d7fd35b\" data-element_type=\"container\">\n\t\t<div class=\"elementor-element elementor-element-3f0bf69 e-con-full e-flex e-con e-child\" data-id=\"3f0bf69\" data-element_type=\"container\">\n\t\t\t\t<div class=\"elementor-element elementor-element-7e98f52 elementor-align-justify elementor-widget elementor-widget-button\" data-id=\"7e98f52\" data-element_type=\"widget\" data-widget_type=\"button.default\">\n\t\t\t\t<div class=\"elementor-widget-container\">\n\t\t\t\t\t\t\t\t\t<div class=\"elementor-button-wrapper\">\n\t\t\t\t\t<a class=\"elementor-button elementor-button-link elementor-size-sm\" href=\"https:\/\/exhaustifbeauty.com\/en\/services\/\">\n\t\t\t\t\t\t<span class=\"elementor-button-content-wrapper\">\n\t\t\t\t\t\t\t\t\t<span class=\"elementor-button-text\">Show services menu<\/span>\n\t\t\t\t\t<\/span>\n\t\t\t\t\t<\/a>\n\t\t\t\t<\/div>\n\t\t\t\t\t\t\t\t<\/div>\n\t\t\t\t<\/div>\n\t\t\t\t<\/div>\n\t\t<div class=\"elementor-element elementor-element-a4d973c e-con-full e-flex e-con e-child\" data-id=\"a4d973c\" data-element_type=\"container\">\n\t\t\t\t<div class=\"elementor-element elementor-element-8acc2ca elementor-align-justify elementor-widget elementor-widget-button\" data-id=\"8acc2ca\" data-element_type=\"widget\" data-widget_type=\"button.default\">\n\t\t\t\t<div class=\"elementor-widget-container\">\n\t\t\t\t\t\t\t\t\t<div class=\"elementor-button-wrapper\">\n\t\t\t\t\t<a class=\"elementor-button elementor-button-link elementor-size-sm\" href=\"https:\/\/app.squareup.com\/appointments\/book\/0od60c1mdo17qk\/LS9XVY6KXFT7B\/start\">\n\t\t\t\t\t\t<span class=\"elementor-button-content-wrapper\">\n\t\t\t\t\t\t\t\t\t<span class=\"elementor-button-text\">Make an appointment<\/span>\n\t\t\t\t\t<\/span>\n\t\t\t\t\t<\/a>\n\t\t\t\t<\/div>\n\t\t\t\t\t\t\t\t<\/div>\n\t\t\t\t<\/div>\n\t\t\t\t<\/div>\n\t\t\t\t<\/div>\n\t\t\t\t<\/div>\n\t\t\t\t\t<\/div>\n\t\t\t\t<\/div>\n\t\t<div class=\"elementor-element elementor-element-7587454 e-flex e-con-boxed e-con e-parent\" data-id=\"7587454\" data-element_type=\"container\">\n\t\t\t\t\t<div class=\"e-con-inner\">\n\t\t<div class=\"elementor-element elementor-element-55b7730 e-con-full e-flex e-con e-child\" data-id=\"55b7730\" data-element_type=\"container\">\n\t\t\t\t<div class=\"elementor-element elementor-element-78007eb elementor-widget elementor-widget-heading\" data-id=\"78007eb\" data-element_type=\"widget\" data-widget_type=\"heading.default\">\n\t\t\t\t<div class=\"elementor-widget-container\">\n\t\t\t\t\t<h2 class=\"elementor-heading-title elementor-size-default\">Exhaustif Beauty (EB)<\/h2>\t\t\t\t<\/div>\n\t\t\t\t<\/div>\n\t\t\t\t<div class=\"elementor-element elementor-element-4b5814c elementor-widget elementor-widget-text-editor\" data-id=\"4b5814c\" data-element_type=\"widget\" data-widget_type=\"text-editor.default\">\n\t\t\t\t<div class=\"elementor-widget-container\">\n\t\t\t\t\t\t\t\t\t<p>Chez Cil Exhaustif, nous sommes une petite \u00e9quipe passionn\u00e9e sp\u00e9cialis\u00e9e dans la pose d\u2019extensions de cils et le rehaussement de cils \u00e0 Montr\u00e9al.<\/p>\t\t\t\t\t\t\t\t<\/div>\n\t\t\t\t<\/div>\n\t\t\t\t<div class=\"elementor-element elementor-element-54d216c elementor-widget elementor-widget-image\" data-id=\"54d216c\" data-element_type=\"widget\" data-widget_type=\"image.default\">\n\t\t\t\t<div class=\"elementor-widget-container\">\n\t\t\t\t\t\t\t\t\t\t\t\t\t\t\t<img fetchpriority=\"high\" decoding=\"async\" width=\"1024\" height=\"683\" src=\"https:\/\/exhaustifbeauty.com\/wp-content\/uploads\/2025\/07\/eyelashes0093-1024x683.webp\" class=\"attachment-large size-large wp-image-4484\" alt=\"eyelash\" srcset=\"https:\/\/exhaustifbeauty.com\/wp-content\/uploads\/2025\/07\/eyelashes0093-1024x683.webp 1024w, https:\/\/exhaustifbeauty.com\/wp-content\/uploads\/2025\/07\/eyelashes0093-300x200.webp 300w, https:\/\/exhaustifbeauty.com\/wp-content\/uploads\/2025\/07\/eyelashes0093-768x512.webp 768w, https:\/\/exhaustifbeauty.com\/wp-content\/uploads\/2025\/07\/eyelashes0093-1536x1024.webp 1536w, https:\/\/exhaustifbeauty.com\/wp-content\/uploads\/2025\/07\/eyelashes0093-2048x1365.webp 2048w, https:\/\/exhaustifbeauty.com\/wp-content\/uploads\/2025\/07\/eyelashes0093-600x400.webp 600w, https:\/\/exhaustifbeauty.com\/wp-content\/uploads\/2025\/07\/eyelashes0093-120x80.webp 120w\" sizes=\"(max-width: 1024px) 100vw, 1024px\" \/>\t\t\t\t\t\t\t\t\t\t\t\t\t\t\t<\/div>\n\t\t\t\t<\/div>\n\t\t\t\t<\/div>\n\t\t<div class=\"elementor-element elementor-element-9d64d10 e-con-full e-flex e-con e-child\" data-id=\"9d64d10\" data-element_type=\"container\" data-settings=\"{&quot;background_background&quot;:&quot;classic&quot;}\">\n\t\t\t\t<div class=\"elementor-element elementor-element-3805d01 elementor-button-align-stretch elementor-widget elementor-widget-form\" data-id=\"3805d01\" data-element_type=\"widget\" data-settings=\"{&quot;step_next_label&quot;:&quot;Next&quot;,&quot;step_previous_label&quot;:&quot;Previous&quot;,&quot;button_width&quot;:&quot;100&quot;,&quot;step_type&quot;:&quot;number_text&quot;,&quot;step_icon_shape&quot;:&quot;circle&quot;}\" data-widget_type=\"form.default\">\n\t\t\t\t<div class=\"elementor-widget-container\">\n\t\t\t\t\t\t\t<form class=\"elementor-form\" method=\"post\" name=\"New Form\" aria-label=\"New Form\" action=\"\">\n\t\t\t<input type=\"hidden\" name=\"post_id\" value=\"1195\"\/>\n\t\t\t<input type=\"hidden\" name=\"form_id\" value=\"3805d01\"\/>\n\t\t\t<input type=\"hidden\" name=\"referer_title\" value=\"Contactez-nous\" \/>\n\n\t\t\t\t\t\t\t<input type=\"hidden\" name=\"queried_id\" value=\"1195\"\/>\n\t\t\t\n\t\t\t<div class=\"elementor-form-fields-wrapper elementor-labels-above\">\n\t\t\t\t\t\t\t\t<div class=\"elementor-field-type-text elementor-field-group elementor-column elementor-field-group-name elementor-col-50 elementor-field-required\">\n\t\t\t\t\t\t\t\t\t\t\t\t<label for=\"form-field-name\" class=\"elementor-field-label\">\n\t\t\t\t\t\t\t\tPr\u00e9nom\t\t\t\t\t\t\t<\/label>\n\t\t\t\t\t\t\t\t\t\t\t\t\t\t<input size=\"1\" type=\"text\" name=\"form_fields[name]\" id=\"form-field-name\" class=\"elementor-field elementor-size-sm  elementor-field-textual\" placeholder=\"Pr\u00e9nom\" required=\"required\">\n\t\t\t\t\t\t\t\t\t\t\t<\/div>\n\t\t\t\t\t\t\t\t<div class=\"elementor-field-type-text elementor-field-group elementor-column elementor-field-group-field_5db67ab elementor-col-50\">\n\t\t\t\t\t\t\t\t\t\t\t\t<label for=\"form-field-field_5db67ab\" class=\"elementor-field-label\">\n\t\t\t\t\t\t\t\tNom de famille\t\t\t\t\t\t\t<\/label>\n\t\t\t\t\t\t\t\t\t\t\t\t\t\t<input size=\"1\" type=\"text\" name=\"form_fields[field_5db67ab]\" id=\"form-field-field_5db67ab\" class=\"elementor-field elementor-size-sm  elementor-field-textual\" placeholder=\"Nom de famille\">\n\t\t\t\t\t\t\t\t\t\t\t<\/div>\n\t\t\t\t\t\t\t\t<div class=\"elementor-field-type-tel elementor-field-group elementor-column elementor-field-group-field_1aac772 elementor-col-50\">\n\t\t\t\t\t\t\t\t\t\t\t\t<label for=\"form-field-field_1aac772\" class=\"elementor-field-label\">\n\t\t\t\t\t\t\t\tT\u00e9l\u00e9phone #\t\t\t\t\t\t\t<\/label>\n\t\t\t\t\t\t\t\t<input size=\"1\" type=\"tel\" name=\"form_fields[field_1aac772]\" id=\"form-field-field_1aac772\" class=\"elementor-field elementor-size-sm  elementor-field-textual\" placeholder=\"T\u00e9l\u00e9phone #\" pattern=\"[0-9()#&amp;+*-=.]+\" title=\"Only numbers and phone characters (#, -, *, etc) are accepted.\">\n\n\t\t\t\t\t\t<\/div>\n\t\t\t\t\t\t\t\t<div class=\"elementor-field-type-email elementor-field-group elementor-column elementor-field-group-email elementor-col-50 elementor-field-required\">\n\t\t\t\t\t\t\t\t\t\t\t\t<label for=\"form-field-email\" class=\"elementor-field-label\">\n\t\t\t\t\t\t\t\tEmail\t\t\t\t\t\t\t<\/label>\n\t\t\t\t\t\t\t\t\t\t\t\t\t\t<input size=\"1\" type=\"email\" name=\"form_fields[email]\" id=\"form-field-email\" class=\"elementor-field elementor-size-sm  elementor-field-textual\" placeholder=\"Email\" required=\"required\">\n\t\t\t\t\t\t\t\t\t\t\t<\/div>\n\t\t\t\t\t\t\t\t<div class=\"elementor-field-type-textarea elementor-field-group elementor-column elementor-field-group-message elementor-col-100\">\n\t\t\t\t\t\t\t\t\t\t\t\t<label for=\"form-field-message\" class=\"elementor-field-label\">\n\t\t\t\t\t\t\t\tMessage\t\t\t\t\t\t\t<\/label>\n\t\t\t\t\t\t<textarea class=\"elementor-field-textual elementor-field  elementor-size-sm\" name=\"form_fields[message]\" id=\"form-field-message\" rows=\"4\" placeholder=\"Message\"><\/textarea>\t\t\t\t<\/div>\n\t\t\t\t\t\t\t\t<div class=\"elementor-field-group elementor-column elementor-field-type-submit elementor-col-100 e-form__buttons\">\n\t\t\t\t\t<button class=\"elementor-button elementor-size-sm\" type=\"submit\">\n\t\t\t\t\t\t<span class=\"elementor-button-content-wrapper\">\n\t\t\t\t\t\t\t\t\t\t\t\t\t\t\t\t\t\t\t\t\t\t<span class=\"elementor-button-text\">Envoyer<\/span>\n\t\t\t\t\t\t\t\t\t\t\t\t\t<\/span>\n\t\t\t\t\t<\/button>\n\t\t\t\t<\/div>\n\t\t\t<\/div>\n\t\t<input type=\"hidden\" name=\"trp-form-language\" value=\"en\"\/><\/form>\n\t\t\t\t\t\t<\/div>\n\t\t\t\t<\/div>\n\t\t\t\t<\/div>\n\t\t\t\t\t<\/div>\n\t\t\t\t<\/div>\n\t\t\t\t<\/div>","protected":false},"excerpt":{"rendered":"<p>Afficher le menu des services Prendre rendez-vous Exhaustif Beauty (EB) Chez Cil Exhaustif, nous sommes une petite \u00e9quipe passionn\u00e9e sp\u00e9cialis\u00e9e dans la pose d\u2019extensions de cils et le rehaussement de cils \u00e0 Montr\u00e9al.<\/p>","protected":false},"author":1,"featured_media":0,"parent":0,"menu_order":0,"comment_status":"closed","ping_status":"closed","template":"elementor-template.php","meta":{"_acf_changed":false,"inline_featured_image":false,"_monsterinsights_skip_tracking":false,"_monsterinsights_sitenote_active":false,"_monsterinsights_sitenote_note":"","_monsterinsights_sitenote_category":0,"footnotes":""},"class_list":["post-1195","page","type-page","status-publish","hentry"],"acf":[],"aioseo_notices":[],"_links":{"self":[{"href":"https:\/\/exhaustifbeauty.com\/en\/wp-json\/wp\/v2\/pages\/1195","targetHints":{"allow":["GET"]}}],"collection":[{"href":"https:\/\/exhaustifbeauty.com\/en\/wp-json\/wp\/v2\/pages"}],"about":[{"href":"https:\/\/exhaustifbeauty.com\/en\/wp-json\/wp\/v2\/types\/page"}],"author":[{"embeddable":true,"href":"https:\/\/exhaustifbeauty.com\/en\/wp-json\/wp\/v2\/users\/1"}],"replies":[{"embeddable":true,"href":"https:\/\/exhaustifbeauty.com\/en\/wp-json\/wp\/v2\/comments?post=1195"}],"version-history":[{"count":110,"href":"https:\/\/exhaustifbeauty.com\/en\/wp-json\/wp\/v2\/pages\/1195\/revisions"}],"predecessor-version":[{"id":5929,"href":"https:\/\/exhaustifbeauty.com\/en\/wp-json\/wp\/v2\/pages\/1195\/revisions\/5929"}],"wp:attachment":[{"href":"https:\/\/exhaustifbeauty.com\/en\/wp-json\/wp\/v2\/media?parent=1195"}],"curies":[{"name":"wp","href":"https:\/\/api.w.org\/{rel}","templated":true}]}}